{"id":19258,"date":"2024-11-22T21:37:50","date_gmt":"2024-11-22T20:37:50","guid":{"rendered":"https:\/\/mechevestimentas.uy\/?post_type=product&#038;p=19258"},"modified":"2024-12-06T19:12:53","modified_gmt":"2024-12-06T18:12:53","slug":"k13-reloj-inteligente-con-auriculares","status":"publish","type":"product","link":"https:\/\/mechevestimentas.uy\/index.php\/product\/k13-reloj-inteligente-con-auriculares\/","title":{"rendered":"K13 Reloj inteligente con auriculares"},"content":{"rendered":"<table class=\"all magic-4\">\n<tbody>\n<tr>\n<td colspan=\"1\" rowspan=\"1\">\n<div id=\"tl_1\" class=\"magic-5\" data-spm-anchor-id=\"a2700.details.0.i70.492462dfQED4tP\"><strong>Funci\u00f3n b\u00e1sica<\/strong><\/div>\n<\/td>\n<td colspan=\"2\" rowspan=\"1\">\n<div id=\"tl_2\" class=\"magic-6\">Tres anillos de salud, frecuencia card\u00edaca\/presi\u00f3n arterial\/ox\u00edgeno, llamada BT, m\u00fasica BT, monitoreo de ECG, monitoreo de sue\u00f1o, recordatorio de llamada, alertas SMS<br \/>\nRecordatorio de mensaje de aplicaci\u00f3n social, recordatorio de reloj despertador, un recordatorio sedentario, deporte, gire la mu\u00f1eca y haga brillar la pantalla, buscando<br \/>\nPulseras, buscando tel\u00e9fonos, fotograf\u00eda remota, no molestar, personalizaci\u00f3n de marcaci\u00f3n, modo de vuelo, contactos comunes, Siri, m\u00fasica<br \/>\nControl, clima, etc.<\/div>\n<\/td>\n<\/tr>\n<tr>\n<td colspan=\"1\" rowspan=\"1\">\n<div id=\"tl_3\" class=\"magic-5\"><strong>Recordatorio de mensaje de aplicaci\u00f3n social<\/strong><\/div>\n<\/td>\n<td colspan=\"2\" rowspan=\"1\">\n<div id=\"tl_4\" class=\"magic-6\">WeChat \u3001 QQ \u3001 Facebook \u3001 Twitter \u3001 Line \u3001 Whatsapp \u3001 Instagram<\/div>\n<\/td>\n<\/tr>\n<tr>\n<td colspan=\"1\" rowspan=\"1\">\n<div id=\"tl_5\" class=\"magic-5\"><strong>Sistema APP<\/strong><\/div>\n<\/td>\n<td colspan=\"2\" rowspan=\"1\">\n<div id=\"tl_6\" class=\"magic-6\">IOS 9,0 y superior, Android 5,0 y superior<\/div>\n<\/td>\n<\/tr>\n<tr>\n<td colspan=\"1\" rowspan=\"1\">\n<div id=\"tl_7\" class=\"magic-5\"><strong>Idioma APP<\/strong><\/div>\n<\/td>\n<td colspan=\"2\" rowspan=\"1\">\n<div id=\"tl_8\" class=\"magic-6\">Ingl\u00e9s \u3001 SC \u3001 TC \u3001 Pa\u00edses Bajos \u3001 Ruso \u3001 Franc\u00e9s \u3001 Alem\u00e1n \u3001 Portugu\u00e9s \u3001 Espa\u00f1ol \u3001 Turco \u3001 Polaco \u3001 \u00c1rabe \u3001 Malasia \u3001 Thai \u3001 Checo \u3001 Eslovaco,<br \/>\nFilipinas \u3001 Indonesia \u3001 Ucrania \u3001 Vietnam \u3001 Italia \u3001 India \u3001 Finlandia \u3001 Croacia, \u3001 Noruega, \u3001 Dinamarca \u3001 Suecia \u3001 Coreano \u3001 Hungr\u00eda \u3001 Grecia \u3001 Persa<\/div>\n<\/td>\n<\/tr>\n<tr>\n<td colspan=\"1\" rowspan=\"1\">\n<div id=\"tl_9\" class=\"magic-5\"><strong>Idioma del men\u00fa de la pulsera<\/strong><\/div>\n<\/td>\n<td colspan=\"2\" rowspan=\"1\">\n<div id=\"tl_10\" class=\"magic-6\">Ingl\u00e9s \u3001 SC \u3001 Pa\u00edses Bajos \u3001 Ruso \u3001 Franc\u00e9s \u3001 Alem\u00e1n \u3001 Portugu\u00e9s \u3001 Espa\u00f1ol \u3001 Turco \u3001 Polaco \u3001 Malasia \u3001 Checo \u3001 Eslovaco \u3001 \u00c1rabe \u3001 Italia \u3001 Thai etc.<\/div>\n<\/td>\n<\/tr>\n<\/tbody>\n<\/table>\n","protected":false},"excerpt":{"rendered":"<p>Funci\u00f3n b\u00e1sica Tres anillos de salud, frecuencia card\u00edaca\/presi\u00f3n arterial\/ox\u00edgeno, llamada BT, m\u00fasica BT, monitoreo de ECG, monitoreo de sue\u00f1o, recordatorio de llamada, alertas SMS Recordatorio de mensaje de aplicaci\u00f3n social, recordatorio de reloj despertador, un recordatorio sedentario, deporte, gire la mu\u00f1eca y haga brillar la pantalla, buscando Pulseras, buscando tel\u00e9fonos, fotograf\u00eda remota, no molestar, personalizaci\u00f3n [&hellip;]<\/p>\n","protected":false},"featured_media":19259,"template":"","meta":[],"product_brand":[],"product_cat":[137],"product_tag":[],"class_list":{"0":"post-19258","1":"product","2":"type-product","3":"status-publish","4":"has-post-thumbnail","6":"product_cat-relojes-inteligentes","8":"first","9":"instock","10":"taxable","11":"shipping-taxable","12":"purchasable","13":"product-type-simple"},"_links":{"self":[{"href":"https:\/\/mechevestimentas.uy\/index.php\/wp-json\/wp\/v2\/product\/19258","targetHints":{"allow":["GET"]}}],"collection":[{"href":"https:\/\/mechevestimentas.uy\/index.php\/wp-json\/wp\/v2\/product"}],"about":[{"href":"https:\/\/mechevestimentas.uy\/index.php\/wp-json\/wp\/v2\/types\/product"}],"wp:featuredmedia":[{"embeddable":true,"href":"https:\/\/mechevestimentas.uy\/index.php\/wp-json\/wp\/v2\/media\/19259"}],"wp:attachment":[{"href":"https:\/\/mechevestimentas.uy\/index.php\/wp-json\/wp\/v2\/media?parent=19258"}],"wp:term":[{"taxonomy":"product_brand","embeddable":true,"href":"https:\/\/mechevestimentas.uy\/index.php\/wp-json\/wp\/v2\/product_brand?post=19258"},{"taxonomy":"product_cat","embeddable":true,"href":"https:\/\/mechevestimentas.uy\/index.php\/wp-json\/wp\/v2\/product_cat?post=19258"},{"taxonomy":"product_tag","embeddable":true,"href":"https:\/\/mechevestimentas.uy\/index.php\/wp-json\/wp\/v2\/product_tag?post=19258"}],"curies":[{"name":"wp","href":"https:\/\/api.w.org\/{rel}","templated":true}]}}