{"id":19331,"date":"2024-11-26T16:48:21","date_gmt":"2024-11-26T15:48:21","guid":{"rendered":"https:\/\/mechevestimentas.uy\/?post_type=product&#038;p=19331"},"modified":"2025-01-23T23:00:25","modified_gmt":"2025-01-23T22:00:25","slug":"reloj-de-oro-rosa-para-hombre-y13","status":"publish","type":"product","link":"https:\/\/mechevestimentas.uy\/index.php\/product\/reloj-de-oro-rosa-para-hombre-y13\/","title":{"rendered":"Reloj de oro rosa para hombre Y13"},"content":{"rendered":"<p><strong>Par\u00e1metros del producto<\/strong><\/p>\n<p><strong>Pantalla<\/strong>: 1,69 pulgadas TFT 240*280<br \/>\n<strong>Panel t\u00e1ctil<\/strong>: Pantalla t\u00e1ctil completa<br \/>\n<strong>Bater\u00eda<\/strong>: 180Mah<br \/>\n<strong>Aplicaci\u00f3n<\/strong>: FitPro<br \/>\n<strong>M\u00e9todo de carga<\/strong>: carga magn\u00e9tica<br \/>\n<strong>Impermeable<\/strong>: IP67<br \/>\n<strong>BT<\/strong>: BLE 5,0<br \/>\n<strong>Versi\u00f3n del sistema<\/strong>: Android superior a 5,0 o IOS superior a 9,0<\/p>\n<p>Fondo de pantalla personalizado, llamada BT, control de m\u00fasica, recordatorio de mensaje de aplicaci\u00f3n social, recordatorio de llamada entrante, recordatorio de SMS, ejercicio m\u00faltiple, alarma<br \/>\nRecordatorio de reloj, recordatorio sedentario, b\u00fasqueda de tel\u00e9fono m\u00f3vil, reproducci\u00f3n de m\u00fasica, cron\u00f3metro, conteo de pasos, distancia, calor\u00edas, sue\u00f1o<br \/>\nMonitoreo, monitoreo de frecuencia card\u00edaca, presi\u00f3n arterial, ox\u00edgeno en sangre, equipo de b\u00fasqueda, cambio de idioma y levantar la mano para<br \/>\nIlumina la pantalla.<\/p>\n<p><strong>La pulsera admite idiomas<\/strong>: ingl\u00e9s, SC, Pa\u00edses Bajos, ruso, franc\u00e9s, alem\u00e1n, portugu\u00e9s, espa\u00f1ol, turco, polaco, Malasia, checo, eslovaco<\/p>\n<p><strong>APP(FitPro) admite idiomas<\/strong>:<br \/>\nIngl\u00e9s, SC,TC, Pa\u00edses Bajos, ruso, franc\u00e9s, alem\u00e1n, portugu\u00e9s, espa\u00f1ol, turco, japon\u00e9s, polaco, \u00e1rabe, Malasia, tailand\u00e9s, checo, eslovaco<\/p>\n","protected":false},"excerpt":{"rendered":"<p>Par\u00e1metros del producto Pantalla: 1,69 pulgadas TFT 240*280 Panel t\u00e1ctil: Pantalla t\u00e1ctil completa Bater\u00eda: 180Mah Aplicaci\u00f3n: FitPro M\u00e9todo de carga: carga magn\u00e9tica Impermeable: IP67 BT: BLE 5,0 Versi\u00f3n del sistema: Android superior a 5,0 o IOS superior a 9,0 Fondo de pantalla personalizado, llamada BT, control de m\u00fasica, recordatorio de mensaje de aplicaci\u00f3n social, recordatorio [&hellip;]<\/p>\n","protected":false},"featured_media":19332,"template":"","meta":[],"product_brand":[],"product_cat":[137],"product_tag":[],"class_list":{"0":"post-19331","1":"product","2":"type-product","3":"status-publish","4":"has-post-thumbnail","6":"product_cat-relojes-inteligentes","8":"first","9":"instock","10":"taxable","11":"shipping-taxable","12":"purchasable","13":"product-type-simple"},"_links":{"self":[{"href":"https:\/\/mechevestimentas.uy\/index.php\/wp-json\/wp\/v2\/product\/19331","targetHints":{"allow":["GET"]}}],"collection":[{"href":"https:\/\/mechevestimentas.uy\/index.php\/wp-json\/wp\/v2\/product"}],"about":[{"href":"https:\/\/mechevestimentas.uy\/index.php\/wp-json\/wp\/v2\/types\/product"}],"wp:featuredmedia":[{"embeddable":true,"href":"https:\/\/mechevestimentas.uy\/index.php\/wp-json\/wp\/v2\/media\/19332"}],"wp:attachment":[{"href":"https:\/\/mechevestimentas.uy\/index.php\/wp-json\/wp\/v2\/media?parent=19331"}],"wp:term":[{"taxonomy":"product_brand","embeddable":true,"href":"https:\/\/mechevestimentas.uy\/index.php\/wp-json\/wp\/v2\/product_brand?post=19331"},{"taxonomy":"product_cat","embeddable":true,"href":"https:\/\/mechevestimentas.uy\/index.php\/wp-json\/wp\/v2\/product_cat?post=19331"},{"taxonomy":"product_tag","embeddable":true,"href":"https:\/\/mechevestimentas.uy\/index.php\/wp-json\/wp\/v2\/product_tag?post=19331"}],"curies":[{"name":"wp","href":"https:\/\/api.w.org\/{rel}","templated":true}]}}